{"id":267,"date":"2013-10-22T22:52:03","date_gmt":"2013-10-22T20:52:03","guid":{"rendered":"https:\/\/gabrieltizon.com\/web\/la-carcel-libres-por-dentro-presos-por-fuera\/"},"modified":"2013-11-13T18:57:36","modified_gmt":"2013-11-13T17:57:36","slug":"la-carcel-libres-por-dentro-presos-por-fuera","status":"publish","type":"page","link":"https:\/\/gabrieltizon.com\/?page_id=267","title":{"rendered":"La carcel, libres por dentro, presos por fuera"},"content":{"rendered":"<a href=\"..\/#galerias\" target=\"_self\" class=\"color-btn main-btn\"> Volver <\/a>\n<p>Fotograf\u00edas realizadas con presos en una c\u00e1rcel de Barcelona para mostrar la sensaci\u00f3n de libertad, independientemente del lugar donde se encuentran. La l\u00ednea de los que est\u00e1n dentro y fuera es mucho m\u00e1s estrecha de lo que parece.<\/p>\nngg_shortcode_0_placeholder\n","protected":false},"excerpt":{"rendered":"<p>Fotograf\u00edas realizadas con presos en una c\u00e1rcel de Barcelona para mostrar la sensaci\u00f3n de libertad, independientemente del lugar donde se encuentran. La l\u00ednea de los que est\u00e1n dentro y fuera es mucho m\u00e1s estrecha de lo que parece.<\/p>\n","protected":false},"author":1,"featured_media":0,"parent":0,"menu_order":0,"comment_status":"open","ping_status":"open","template":"","meta":{"om_disable_all_campaigns":false,"_monsterinsights_skip_tracking":false,"_monsterinsights_sitenote_active":false,"_monsterinsights_sitenote_note":"","_monsterinsights_sitenote_category":0,"ngg_post_thumbnail":0,"footnotes":""},"class_list":["post-267","page","type-page","status-publish","hentry"],"aioseo_notices":[],"_links":{"self":[{"href":"https:\/\/gabrieltizon.com\/index.php?rest_route=\/wp\/v2\/pages\/267","targetHints":{"allow":["GET"]}}],"collection":[{"href":"https:\/\/gabrieltizon.com\/index.php?rest_route=\/wp\/v2\/pages"}],"about":[{"href":"https:\/\/gabrieltizon.com\/index.php?rest_route=\/wp\/v2\/types\/page"}],"author":[{"embeddable":true,"href":"https:\/\/gabrieltizon.com\/index.php?rest_route=\/wp\/v2\/users\/1"}],"replies":[{"embeddable":true,"href":"https:\/\/gabrieltizon.com\/index.php?rest_route=%2Fwp%2Fv2%2Fcomments&post=267"}],"version-history":[{"count":3,"href":"https:\/\/gabrieltizon.com\/index.php?rest_route=\/wp\/v2\/pages\/267\/revisions"}],"predecessor-version":[{"id":450,"href":"https:\/\/gabrieltizon.com\/index.php?rest_route=\/wp\/v2\/pages\/267\/revisions\/450"}],"wp:attachment":[{"href":"https:\/\/gabrieltizon.com\/index.php?rest_route=%2Fwp%2Fv2%2Fmedia&parent=267"}],"curies":[{"name":"wp","href":"https:\/\/api.w.org\/{rel}","templated":true}]}}