{"id":15200,"date":"2015-09-02T14:21:43","date_gmt":"2015-09-02T12:21:43","guid":{"rendered":"https:\/\/gabrieltizon.com\/web\/?page_id=15200"},"modified":"2022-08-11T18:24:11","modified_gmt":"2022-08-11T16:24:11","slug":"libros","status":"publish","type":"page","link":"https:\/\/gabrieltizon.com\/?page_id=15200","title":{"rendered":"Libros"},"content":{"rendered":"<h4>LO IMPORTANTE NO IMPORTA<\/h4>\n<p><strong><img decoding=\"async\" class=\"wp-image-15204 alignleft\" src=\"https:\/\/gabrieltizon.com\/wp-content\/uploads\/2013\/11\/Lo-Importante-Portada.png\" alt=\"Portada libro LO IMPORTANTE NO IMPORTA de Gabriel Tiz\u00f3n\" width=\"200\"><\/strong><\/p>\n<p><strong><img loading=\"lazy\" decoding=\"async\" class=\"wp-image-207861 alignright\" src=\"https:\/\/gabrieltizon.com\/wp-content\/uploads\/2013\/11\/Lo-Importante-copia-21x15-1.jpg\" alt=\"\" width=\"200\" height=\"133\"><\/strong><\/p>\n<p><strong>Autor: <\/strong>Gabriel Tiz\u00f3n<\/p>\n<p><strong>P\u00e1ginas: <\/strong>200<\/p>\n<p><strong>Tama\u00f1o: <\/strong>22 x 16 cm<\/p>\n<p><strong>ISBN: <\/strong>978-840928656-0<\/p>\n<h6>Precio:<\/h6>\n<p><strong>LIBRO: 25,00 \u20ac<\/strong> (env\u00edo nacional) | <strong>30,00 \u20ac<\/strong> (env\u00edo internacional)<br \/>\n<strong>LIBRO+FOTOGRAF\u00cdA FIRMADA (21\u00d715 cm.): 50 \u20ac<\/strong> (Gastos de env\u00edo incluidos)<\/p>\n<h6>Como comprar:<\/h6>\n<ol style=\"list-style-position: inside;\">\n<li><strong>Ingresar<\/strong> la cantidad correspondiente en el siguiente <strong>n\u00ba de cuenta: ES15 2080 5204 12 3040002641<\/strong>.<\/li>\n<li>Despu\u00e9s <strong>enviar un e-mail<\/strong> con una imagen de la transferencia realizada a <a href=\"mailto:info@gabrieltizon.com?subject=Compra LO IMPORTANTE NO IMPORTA\" target=\"_blank\" rel=\"noopener\">info@gabrieltizon.com<\/a>&nbsp;o a trav\u00e9s del <a title=\"Contacto\" href=\"https:\/\/gabrieltizon.com\/#contacto\">Contacto<\/a> de esta misma web.<\/li>\n<\/ol>\n<p>&nbsp;<\/p>\n<h4>VIDAS<\/h4>\n<h3><span style=\"color: #ff0000;\">AGOTADO<\/span><\/h3>\n<p><strong><img decoding=\"async\" class=\"wp-image-15204 alignleft\" src=\"https:\/\/gabrieltizon.com\/wp-content\/uploads\/2015\/09\/portada-libro-VIDAS.jpg\" alt=\"Portada libro VIDAS de Gabriel Tiz\u00f3n\" width=\"200\"><\/strong><\/p>\n<p><strong><img loading=\"lazy\" decoding=\"async\" class=\"wp-image-207861 alignright\" src=\"https:\/\/gabrieltizon.com\/web\/wp-content\/uploads\/2015\/09\/Norte-y-Sur-300x200.png\" alt=\"\" width=\"200\" height=\"133\" srcset=\"https:\/\/gabrieltizon.com\/wp-content\/uploads\/2015\/09\/Norte-y-Sur-300x200.png 300w, https:\/\/gabrieltizon.com\/wp-content\/uploads\/2015\/09\/Norte-y-Sur-768x512.png 768w, https:\/\/gabrieltizon.com\/wp-content\/uploads\/2015\/09\/Norte-y-Sur-700x467.png 700w, https:\/\/gabrieltizon.com\/wp-content\/uploads\/2015\/09\/Norte-y-Sur-345x230.png 345w, https:\/\/gabrieltizon.com\/wp-content\/uploads\/2015\/09\/Norte-y-Sur.png 1024w\" sizes=\"auto, (max-width: 200px) 100vw, 200px\" \/><\/strong><\/p>\n<p><strong>Autor: <\/strong>Gabriel Tiz\u00f3n<\/p>\n<p><strong>Pr\u00f3logos: <\/strong>Chelis (mi madre)<\/p>\n<p><strong>P\u00e1ginas: <\/strong>144<\/p>\n<p><strong>Tama\u00f1o: <\/strong>30 x 21 cm<\/p>\n<p><strong>ISBN: <\/strong>978-846977739-8<\/p>\n<h6>Precio:<\/h6>\n<p><strong>LIBRO: 24,00 \u20ac<\/strong> (+ 2,00 \u20ac env\u00edo nacional | 5,00 \u20ac env\u00edo internacional)<br \/>\n<strong>LIBRO+FOTOGRAF\u00cdA FIRMADA (30&#215;20 cm.): 65 \u20ac<\/strong> (Gastos de env\u00edo incluidos)<\/p>\n<h6>Como comprar:<\/h6>\n<p>Enviando un e-mail a&nbsp;<a href=\"mailto:info@gabrieltizon.com?subject=Compra VIDAS\" target=\"_blank\" rel=\"noopener\">info@gabrieltizon.com<\/a>&nbsp;o a trav\u00e9s del <a title=\"Contacto\" href=\"https:\/\/gabrieltizon.com\/#contacto\">Contacto <\/a>de esta misma web.<\/p>\n<p>&nbsp;<\/p>\n<h4>Realidades Cercanas<\/h4>\n<h3><span style=\"color: #ff0000;\">AGOTADO<\/span><\/h3>\n<p><strong><img decoding=\"async\" class=\"wp-image-15204 alignleft\" src=\"https:\/\/gabrieltizon.com\/web\/wp-content\/uploads\/2015\/07\/Portada-libro-Realidades-Cercanas-de-Gabriel-Tiz\u00f3n.jpg\" alt=\"Portada libro Realidades Cercanas de Gabriel Tiz\u00f3n\" width=\"200\" srcset=\"https:\/\/gabrieltizon.com\/wp-content\/uploads\/2015\/07\/Portada-libro-Realidades-Cercanas-de-Gabriel-Tiz\u00f3n.jpg 1417w, https:\/\/gabrieltizon.com\/wp-content\/uploads\/2015\/07\/Portada-libro-Realidades-Cercanas-de-Gabriel-Tiz\u00f3n-199x300.jpg 199w, https:\/\/gabrieltizon.com\/wp-content\/uploads\/2015\/07\/Portada-libro-Realidades-Cercanas-de-Gabriel-Tiz\u00f3n-466x700.jpg 466w, https:\/\/gabrieltizon.com\/wp-content\/uploads\/2015\/07\/Portada-libro-Realidades-Cercanas-de-Gabriel-Tiz\u00f3n-153x230.jpg 153w\" sizes=\"(max-width: 1417px) 100vw, 1417px\" \/><\/strong><\/p>\n<p><strong>Autor: <\/strong>Gabriel Tiz\u00f3n<\/p>\n<p><strong>Pr\u00f3logos: <\/strong>Rub\u00e9n Ruibal y Manolo Gonz\u00e1lez<\/p>\n<p><strong>P\u00e1ginas: <\/strong>144<\/p>\n<p><strong>Tama\u00f1o: <\/strong>22 x 16 cm<\/p>\n<p><strong>ISBN: <\/strong>978-846069937-8<\/p>\n<h6>Precio:<\/h6>\n<p><strong>15,00 \u20ac<\/strong> (+ 2,00 \u20ac env\u00edo nacional)<\/p>\n<h6>Como comprar:<\/h6>\n<p>Enviando un e-mail a&nbsp;<a href=\"mailto:info@gabrieltizon.com?subject=Compra Realidades Cercanas\" target=\"_blank\" rel=\"noopener\">info@gabrieltizon.com<\/a>&nbsp;o a trav\u00e9s del <a title=\"Contacto\" href=\"https:\/\/gabrieltizon.com\/#contacto\">Contacto <\/a>de esta misma web.<\/p>\n","protected":false},"excerpt":{"rendered":"<p>LO IMPORTANTE NO IMPORTA Autor: Gabriel Tiz\u00f3n P\u00e1ginas: 200 Tama\u00f1o: 22 x 16 cm ISBN: 978-840928656-0 Precio: LIBRO: 25,00 \u20ac (env\u00edo nacional) | 30,00 \u20ac (env\u00edo internacional) LIBRO+FOTOGRAF\u00cdA FIRMADA (21\u00d715 cm.): 50 \u20ac (Gastos de env\u00edo incluidos) Como comprar: Ingresar la cantidad correspondiente en el siguiente n\u00ba de cuenta: ES15 2080 5204 12 3040002641. Despu\u00e9s [&hellip;]<\/p>\n","protected":false},"author":1,"featured_media":0,"parent":0,"menu_order":0,"comment_status":"closed","ping_status":"closed","template":"","meta":{"om_disable_all_campaigns":false,"_monsterinsights_skip_tracking":false,"_monsterinsights_sitenote_active":false,"_monsterinsights_sitenote_note":"","_monsterinsights_sitenote_category":0,"ngg_post_thumbnail":0,"footnotes":""},"class_list":["post-15200","page","type-page","status-publish","hentry"],"aioseo_notices":[],"_links":{"self":[{"href":"https:\/\/gabrieltizon.com\/index.php?rest_route=\/wp\/v2\/pages\/15200","targetHints":{"allow":["GET"]}}],"collection":[{"href":"https:\/\/gabrieltizon.com\/index.php?rest_route=\/wp\/v2\/pages"}],"about":[{"href":"https:\/\/gabrieltizon.com\/index.php?rest_route=\/wp\/v2\/types\/page"}],"author":[{"embeddable":true,"href":"https:\/\/gabrieltizon.com\/index.php?rest_route=\/wp\/v2\/users\/1"}],"replies":[{"embeddable":true,"href":"https:\/\/gabrieltizon.com\/index.php?rest_route=%2Fwp%2Fv2%2Fcomments&post=15200"}],"version-history":[{"count":42,"href":"https:\/\/gabrieltizon.com\/index.php?rest_route=\/wp\/v2\/pages\/15200\/revisions"}],"predecessor-version":[{"id":455255,"href":"https:\/\/gabrieltizon.com\/index.php?rest_route=\/wp\/v2\/pages\/15200\/revisions\/455255"}],"wp:attachment":[{"href":"https:\/\/gabrieltizon.com\/index.php?rest_route=%2Fwp%2Fv2%2Fmedia&parent=15200"}],"curies":[{"name":"wp","href":"https:\/\/api.w.org\/{rel}","templated":true}]}}